{"id":26,"date":"2019-03-24T22:42:25","date_gmt":"2019-03-24T22:42:25","guid":{"rendered":"http:\/\/www.offhedda.no\/?page_id=26"},"modified":"2024-09-14T22:55:39","modified_gmt":"2024-09-14T22:55:39","slug":"hjem","status":"publish","type":"page","link":"https:\/\/offhedda.no\/index.php\/hjem\/","title":{"rendered":"Off-Heddaprisen"},"content":{"rendered":"\n<p>I 2023 ble verdens f\u00f8rste Off-Heddaprisutdeling holdt p\u00e5 Oslo Nye Teaterkjeller&#8217;n. <br><br>Det ble delt ut seks priser: <br><br>Beste sceneshow<br>Beste festival\u00f8yeblikk<br>Beste scenetekst<br>Beste skuespiller<br>Beste forestilling<br>\u00c5rets Off-Hedda<br><br><a href=\"https:\/\/offhedda.no\/index.php\/2023\/06\/19\/off-heddaprisen-2023\/\" data-type=\"post\" data-id=\"439\">Klikk her for \u00e5 se hvem som vant i 2023. <\/a><br><br><br><\/p>\n","protected":false},"excerpt":{"rendered":"<p>I 2023 ble verdens f\u00f8rste Off-Heddaprisutdeling holdt p\u00e5 Oslo Nye Teaterkjeller&#8217;n. Det ble delt ut seks priser: Beste sceneshowBeste festival\u00f8yeblikkBeste scenetekstBeste skuespillerBeste forestilling\u00c5rets Off-Hedda Klikk her for \u00e5 se hvem som vant i 2023.<\/p>\n","protected":false},"author":1,"featured_media":291,"parent":0,"menu_order":0,"comment_status":"closed","ping_status":"closed","template":"","meta":{"footnotes":""},"class_list":["post-26","page","type-page","status-publish","has-post-thumbnail","hentry"],"_links":{"self":[{"href":"https:\/\/offhedda.no\/index.php\/wp-json\/wp\/v2\/pages\/26","targetHints":{"allow":["GET"]}}],"collection":[{"href":"https:\/\/offhedda.no\/index.php\/wp-json\/wp\/v2\/pages"}],"about":[{"href":"https:\/\/offhedda.no\/index.php\/wp-json\/wp\/v2\/types\/page"}],"author":[{"embeddable":true,"href":"https:\/\/offhedda.no\/index.php\/wp-json\/wp\/v2\/users\/1"}],"replies":[{"embeddable":true,"href":"https:\/\/offhedda.no\/index.php\/wp-json\/wp\/v2\/comments?post=26"}],"version-history":[{"count":2,"href":"https:\/\/offhedda.no\/index.php\/wp-json\/wp\/v2\/pages\/26\/revisions"}],"predecessor-version":[{"id":512,"href":"https:\/\/offhedda.no\/index.php\/wp-json\/wp\/v2\/pages\/26\/revisions\/512"}],"wp:featuredmedia":[{"embeddable":true,"href":"https:\/\/offhedda.no\/index.php\/wp-json\/"}],"wp:attachment":[{"href":"https:\/\/offhedda.no\/index.php\/wp-json\/wp\/v2\/media?parent=26"}],"curies":[{"name":"wp","href":"https:\/\/api.w.org\/{rel}","templated":true}]}}