{"id":521,"date":"2024-09-30T09:23:44","date_gmt":"2024-09-30T09:23:44","guid":{"rendered":"https:\/\/offhedda.no\/?page_id=521"},"modified":"2024-09-30T09:23:44","modified_gmt":"2024-09-30T09:23:44","slug":"spill-pa-off-hedda","status":"publish","type":"page","link":"https:\/\/offhedda.no\/index.php\/spill-pa-off-hedda\/","title":{"rendered":"Spill p\u00e5 Off-Hedda"},"content":{"rendered":"\n<p><strong>Hvem kan v\u00e6re med? <\/strong><\/p>\n\n\n\n<p>Off-Hedda er \u00e5pen for frie profesjonelle scenekunstnere og grupper som \u00f8nsker en lavterskel mulighet til \u00e5 vise sitt arbeid i Oslo. <\/p>\n\n\n\n<p>Programmeringen er todelt. En del programmeres i god tid ut fra innsendte s\u00f8knader innen en gitt frist. En liten del programmeres fortl\u00f8pende frem mot festivalen &#8211; og vi holder av litt plass til spennende ting som kan dukke opp underveis. <br><br>Vil du ha st\u00f8rst sjanse for \u00e5 bli vurdert til programmet, s\u00f8k innen fristen! <br><br>\u00d8nsker du\/dere \u00e5 v\u00e6re med, m\u00e5 du sende oss en s\u00f8knad. Se lengre ned p\u00e5 siden.<\/p>\n\n\n\n<p><\/p>\n\n\n\n<p><strong>Hvilke forestillinger \u00f8nsker vi?<\/strong><\/p>\n\n\n\n<p>Alle teaterforestillinger som passer (fysisk og teknisk) p\u00e5 scenen(e) vi har. Sjekk ut v\u00e5re scener eller ta kontakt med oss om du er usikker.<\/p>\n\n\n\n<p><strong>Hva f\u00e5r du for \u00e5 v\u00e6re med? <\/strong><\/p>\n\n\n\n<p>Du f\u00e5r i utgangspunktet en scene med tilh\u00f8rende teknikk (basispakke) og teknisk assistanse etter avtale, markedsf\u00f8ring av forestillingen i programmet som helhet. <\/p>\n\n\n\n<p>I 2023 fikk vi st\u00f8tte til honorarer slik at alle deltakende kunstnere fikk et lite honorar. Vi s\u00f8ker st\u00f8tte til dette ogs\u00e5 i 2025.<\/p>\n\n\n\n<p><\/p>\n\n\n\n<p><strong>V\u00e5re scener<\/strong><\/p>\n\n\n\n<p>Off-Hedda 2025 arrangeres p\u00e5 Ibsen Musem og Teater. Teknisk info om scenen finner du her. <br><\/p>\n\n\n\n<p><strong>S\u00f8knad\/P\u00e5melding<\/strong><\/p>\n\n\n\n<p>\u00d8nsker du eller din gruppe \u00e5 delta? Vi trenger f\u00f8lgende\ninfo: <\/p>\n\n\n\n<p>&#8211; Forestillingsinfo: Hva handler det om, hvem er med, lengde, opprigg\/nedriggstid, tekniske behov <br> &#8211; Markedsmateriell\/bilder\/plakater (digitale) <br>&#8211; Info om kunstneren\/gruppen\/kompaniet<br>&#8211; Lenke til video av forestillingen<\/p>\n\n\n\n<p>Inviter oss ogs\u00e5 gjerne p\u00e5 forestillinger hvis dere er usikre p\u00e5 om dette kan passe p\u00e5 Off-Hedda! <strong> &nbsp;<br><\/strong><\/p>\n\n\n\n<p>S\u00d8KNADSFRISTEN FOR 2025 er 1. DESEMBER 2024. <\/p>\n\n\n\n<p><strong>S\u00f8knaden sendes p\u00e5&nbsp; epost til <\/strong><a href=\"mailto:post@offhedda.no\"><strong>post@offhedda.no<\/strong><\/a> <\/p>\n\n\n\n<p><\/p>\n\n\n\n<p>Har du sp\u00f8rsm\u00e5l eller trenger mer info, ta gjerne kontakt med leder\/produsent for Off-Hedda,&nbsp; Kenneth Dypvik-Simonsen p\u00e5 <a href=\"mailto:post@offhedda.no\">post@offhedda.no<\/a> eller telefon 45 80 75 40.<\/p>\n","protected":false},"excerpt":{"rendered":"<p>Hvem kan v\u00e6re med? Off-Hedda er \u00e5pen for frie profesjonelle scenekunstnere og grupper som \u00f8nsker en lavterskel mulighet til \u00e5 vise sitt arbeid i Oslo. Programmeringen er todelt. En del programmeres i god tid ut fra innsendte s\u00f8knader innen en gitt frist. En liten del programmeres fortl\u00f8pende frem mot festivalen &#8211; og vi holder av [&hellip;]<\/p>\n","protected":false},"author":1,"featured_media":0,"parent":0,"menu_order":0,"comment_status":"closed","ping_status":"closed","template":"","meta":{"footnotes":""},"class_list":["post-521","page","type-page","status-publish","hentry"],"_links":{"self":[{"href":"https:\/\/offhedda.no\/index.php\/wp-json\/wp\/v2\/pages\/521","targetHints":{"allow":["GET"]}}],"collection":[{"href":"https:\/\/offhedda.no\/index.php\/wp-json\/wp\/v2\/pages"}],"about":[{"href":"https:\/\/offhedda.no\/index.php\/wp-json\/wp\/v2\/types\/page"}],"author":[{"embeddable":true,"href":"https:\/\/offhedda.no\/index.php\/wp-json\/wp\/v2\/users\/1"}],"replies":[{"embeddable":true,"href":"https:\/\/offhedda.no\/index.php\/wp-json\/wp\/v2\/comments?post=521"}],"version-history":[{"count":1,"href":"https:\/\/offhedda.no\/index.php\/wp-json\/wp\/v2\/pages\/521\/revisions"}],"predecessor-version":[{"id":540,"href":"https:\/\/offhedda.no\/index.php\/wp-json\/wp\/v2\/pages\/521\/revisions\/540"}],"wp:attachment":[{"href":"https:\/\/offhedda.no\/index.php\/wp-json\/wp\/v2\/media?parent=521"}],"curies":[{"name":"wp","href":"https:\/\/api.w.org\/{rel}","templated":true}]}}