{"id":572,"date":"2025-02-04T15:01:26","date_gmt":"2025-02-04T14:01:26","guid":{"rendered":"https:\/\/offhedda.no\/?page_id=572"},"modified":"2025-05-30T00:32:39","modified_gmt":"2025-05-29T22:32:39","slug":"billetter","status":"publish","type":"page","link":"https:\/\/offhedda.no\/index.php\/billetter\/","title":{"rendered":"Billetter"},"content":{"rendered":"\n<p>Her kan du kj\u00f8pe billetter til alle v\u00e5re forestillinger. <\/p>\n\n\n\n<p><a href=\"https:\/\/offhedda.no\/index.php\/program-2025\/\" data-type=\"page\" data-id=\"586\">Les mer om forestillingene ved \u00e5 klikke her!<\/a> <\/p>\n\n\n\n<p><\/p>\n\n\n\n<!-- begin embed code -->\n<div id=\"hoopla-sales-page-container\"><\/div>\n<script type=\"text\/javascript\" src=\"\/\/d16s6o6uu491xt.cloudfront.net\/sales-3\/loader.embed.production.js\"><\/script>\n<script type=\"text\/javascript\">\nvar renderReady = function(cb) { if (window.HooplaSalesPage) { cb(); } else { setTimeout(function() { renderReady(cb) }, 10); }}\n\nrenderReady((function() {\nwindow.HooplaSalesPage.render({ organizationId: \"2002719055\" }, '#hoopla-sales-page-container');\n}));\n<\/script>\n<!-- end embed code -->\n","protected":false},"excerpt":{"rendered":"<p>Her kan du kj\u00f8pe billetter til alle v\u00e5re forestillinger. Les mer om forestillingene ved \u00e5 klikke her!<\/p>\n","protected":false},"author":1,"featured_media":0,"parent":0,"menu_order":0,"comment_status":"closed","ping_status":"closed","template":"","meta":{"footnotes":""},"class_list":["post-572","page","type-page","status-publish","hentry"],"_links":{"self":[{"href":"https:\/\/offhedda.no\/index.php\/wp-json\/wp\/v2\/pages\/572","targetHints":{"allow":["GET"]}}],"collection":[{"href":"https:\/\/offhedda.no\/index.php\/wp-json\/wp\/v2\/pages"}],"about":[{"href":"https:\/\/offhedda.no\/index.php\/wp-json\/wp\/v2\/types\/page"}],"author":[{"embeddable":true,"href":"https:\/\/offhedda.no\/index.php\/wp-json\/wp\/v2\/users\/1"}],"replies":[{"embeddable":true,"href":"https:\/\/offhedda.no\/index.php\/wp-json\/wp\/v2\/comments?post=572"}],"version-history":[{"count":6,"href":"https:\/\/offhedda.no\/index.php\/wp-json\/wp\/v2\/pages\/572\/revisions"}],"predecessor-version":[{"id":648,"href":"https:\/\/offhedda.no\/index.php\/wp-json\/wp\/v2\/pages\/572\/revisions\/648"}],"wp:attachment":[{"href":"https:\/\/offhedda.no\/index.php\/wp-json\/wp\/v2\/media?parent=572"}],"curies":[{"name":"wp","href":"https:\/\/api.w.org\/{rel}","templated":true}]}}