{"id":586,"date":"2025-02-06T09:00:00","date_gmt":"2025-02-06T08:00:00","guid":{"rendered":"https:\/\/offhedda.no\/?page_id=586"},"modified":"2025-05-27T00:14:02","modified_gmt":"2025-05-26T22:14:02","slug":"program-2025","status":"publish","type":"page","link":"https:\/\/offhedda.no\/index.php\/program-2025\/","title":{"rendered":"Program 2025"},"content":{"rendered":"\n<p><strong>Tirsdag 10. juni p\u00e5 Nordic Black Theater &amp; Cafeteateret <\/strong><\/p>\n\n\n\n<p><a href=\"https:\/\/offhedda.no\/index.php\/2025\/04\/29\/vaersagod-off-hedda\/\" data-type=\"post\" data-id=\"617\">18.30 V\u00e6rs\u00e5god + Off-Hedda<\/a><\/p>\n\n\n\n<p><a href=\"https:\/\/offhedda.no\/index.php\/2025\/04\/29\/platons-drikkegilde\/\" data-type=\"post\" data-id=\"612\">20.30 Platons drikkegilde &#8211; samtaler om kj\u00e6rlighet<\/a><\/p>\n\n\n\n<p><strong>Torsdag 12. juni p\u00e5 Ibsen museum &amp; teater<\/strong><\/p>\n\n\n\n<p><a href=\"https:\/\/offhedda.no\/index.php\/2025\/02\/06\/dodsvitner\/\">17.00 D\u00f8dsvitner &#8211; tanker om d\u00f8den og etterlivet<\/a><\/p>\n\n\n\n<p><a href=\"https:\/\/offhedda.no\/index.php\/2025\/02\/06\/hedda-gambler\/\">19.30 Hedda Gambler<\/a><\/p>\n\n\n\n<p><\/p>\n\n\n\n<p><strong>Fredag 13. juni<\/strong> <strong>p\u00e5 Ibsen museum &amp; teater<\/strong><\/p>\n\n\n\n<p><a href=\"https:\/\/offhedda.no\/index.php\/2025\/02\/06\/skrubbsar\/\" data-type=\"link\" data-id=\"https:\/\/offhedda.no\/index.php\/2025\/02\/06\/skrubbsar\/\">16.00 Skrubbs\u00e5r <\/a><\/p>\n\n\n\n<p><a href=\"https:\/\/offhedda.no\/index.php\/2025\/04\/29\/bibbys-bonanza-of-the-bizarre\/\" data-type=\"post\" data-id=\"603\">19.00 Bibby&#8217;s Bonanza of the Bizarre<\/a><\/p>\n\n\n\n<p><a href=\"https:\/\/offhedda.no\/index.php\/2025\/02\/06\/dupon-police-trainer\/\">21.00 Dupon Police Trainer<\/a><\/p>\n\n\n\n<p><\/p>\n\n\n\n<p><strong>L\u00f8rdag 14. juni<\/strong> <strong>p\u00e5 Ibsen museum &amp; teater<\/strong><\/p>\n\n\n\n<p><a href=\"https:\/\/offhedda.no\/index.php\/2025\/02\/06\/dalle\/\">12.00 D\u00e5lle (barneforestilling) <\/a><\/p>\n\n\n\n<p><a href=\"https:\/\/offhedda.no\/index.php\/2025\/02\/06\/romeo-og-julie\/\">14.00 Romeo og Julie <\/a><\/p>\n\n\n\n<p><a href=\"https:\/\/offhedda.no\/index.php\/2025\/04\/29\/lavendeltake\/\" data-type=\"post\" data-id=\"609\">16.00 Lavendelt\u00e5ke<\/a><\/p>\n\n\n\n<p><a href=\"https:\/\/offhedda.no\/index.php\/2025\/04\/29\/herreguiden\/\" data-type=\"post\" data-id=\"606\">18.00 Herreguiden <\/a><\/p>\n\n\n\n<p><\/p>\n\n\n\n<div class=\"wp-block-query alignwide is-layout-constrained wp-block-query-is-layout-constrained\"><ul class=\"columns-3 alignwide wp-block-post-template is-layout-grid wp-container-core-post-template-is-layout-572542b5 wp-block-post-template-is-layout-grid\"><li class=\"wp-block-post post-603 post type-post status-publish format-standard has-post-thumbnail hentry category-program-2025\">\n<figure style=\"width:100%;height:318px;\" class=\"wp-block-post-featured-image\"><a href=\"https:\/\/offhedda.no\/index.php\/2025\/06\/02\/bibbys-bonanza-of-the-bizarre\/\" target=\"_self\"  style=\"height:318px\"><img loading=\"lazy\" decoding=\"async\" width=\"1080\" height=\"1080\" src=\"https:\/\/offhedda.no\/wp-content\/uploads\/2025\/04\/bibby-copy.png\" class=\"attachment-post-thumbnail size-post-thumbnail wp-post-image\" alt=\"Bibby&#8217;s Bonanza of the Bizarre\" style=\"height:318px;object-fit:cover;\" srcset=\"https:\/\/offhedda.no\/wp-content\/uploads\/2025\/04\/bibby-copy.png 1080w, https:\/\/offhedda.no\/wp-content\/uploads\/2025\/04\/bibby-copy-300x300.png 300w, https:\/\/offhedda.no\/wp-content\/uploads\/2025\/04\/bibby-copy-1024x1024.png 1024w, https:\/\/offhedda.no\/wp-content\/uploads\/2025\/04\/bibby-copy-150x150.png 150w, https:\/\/offhedda.no\/wp-content\/uploads\/2025\/04\/bibby-copy-768x768.png 768w\" sizes=\"auto, (max-width: 1080px) 100vw, 1080px\" \/><\/a><\/figure>\n\n<h2 class=\"wp-block-post-title has-x-large-font-size\"><a href=\"https:\/\/offhedda.no\/index.php\/2025\/06\/02\/bibbys-bonanza-of-the-bizarre\/\" target=\"_self\" >Bibby&#8217;s Bonanza of the Bizarre<\/a><\/h2>\n\n<div class=\"wp-block-post-excerpt\"><p class=\"wp-block-post-excerpt__excerpt\">Welcome to an Open Stage that celebrates the gloriously strange, the wonderfully weird and the beautifully bizarre across all performing arts disciplines.&nbsp; Artists working in the fields of physical theatre, dance, butoh, clowning, experimental music, installation art and MORE are invited to use this open stage to showcase their strangest material in front of a&hellip; <\/p><\/div>\n\n<div class=\"wp-block-post-date has-small-font-size\"><time datetime=\"2025-06-02T09:39:36+02:00\"><a href=\"https:\/\/offhedda.no\/index.php\/2025\/06\/02\/bibbys-bonanza-of-the-bizarre\/\">juni 2, 2025<\/a><\/time><\/div>\n<\/li><li class=\"wp-block-post post-565 post type-post status-publish format-standard has-post-thumbnail hentry category-program-2025\">\n<figure style=\"width:100%;height:318px;\" class=\"wp-block-post-featured-image\"><a href=\"https:\/\/offhedda.no\/index.php\/2025\/06\/02\/dalle\/\" target=\"_self\"  style=\"height:318px\"><img loading=\"lazy\" decoding=\"async\" width=\"1080\" height=\"1080\" src=\"https:\/\/offhedda.no\/wp-content\/uploads\/2025\/04\/DALLE-copy.png\" class=\"attachment-post-thumbnail size-post-thumbnail wp-post-image\" alt=\"D\u00e5lle\" style=\"height:318px;object-fit:cover;\" srcset=\"https:\/\/offhedda.no\/wp-content\/uploads\/2025\/04\/DALLE-copy.png 1080w, https:\/\/offhedda.no\/wp-content\/uploads\/2025\/04\/DALLE-copy-300x300.png 300w, https:\/\/offhedda.no\/wp-content\/uploads\/2025\/04\/DALLE-copy-1024x1024.png 1024w, https:\/\/offhedda.no\/wp-content\/uploads\/2025\/04\/DALLE-copy-150x150.png 150w, https:\/\/offhedda.no\/wp-content\/uploads\/2025\/04\/DALLE-copy-768x768.png 768w\" sizes=\"auto, (max-width: 1080px) 100vw, 1080px\" \/><\/a><\/figure>\n\n<h2 class=\"wp-block-post-title has-x-large-font-size\"><a href=\"https:\/\/offhedda.no\/index.php\/2025\/06\/02\/dalle\/\" target=\"_self\" >D\u00e5lle<\/a><\/h2>\n\n<div class=\"wp-block-post-excerpt\"><p class=\"wp-block-post-excerpt__excerpt\">D\u00e5lle, b\u00e5let p\u00e5 s\u00f8rsamisk, er en visuell familieforestilling for barn fra 7 \u00e5r og oppover. Forestillingen handler om en jente som mister sin mor og hennes reise for \u00e5 finne igjen sin egen styrke i sin s\u00f8rsamiske identitet. Forestillingen tar for seg fornorskningsprosessen og dens konsekvenser for s\u00f8rsamiske barn. Vi m\u00f8ter Sagka og moren midt&hellip; <\/p><\/div>\n\n<div class=\"wp-block-post-date has-small-font-size\"><time datetime=\"2025-06-02T09:37:00+02:00\"><a href=\"https:\/\/offhedda.no\/index.php\/2025\/06\/02\/dalle\/\">juni 2, 2025<\/a><\/time><\/div>\n<\/li><li class=\"wp-block-post post-546 post type-post status-publish format-standard has-post-thumbnail hentry category-program-2025\">\n<figure style=\"width:100%;height:318px;\" class=\"wp-block-post-featured-image\"><a href=\"https:\/\/offhedda.no\/index.php\/2025\/06\/02\/dodsvitner\/\" target=\"_self\"  style=\"height:318px\"><img loading=\"lazy\" decoding=\"async\" width=\"1080\" height=\"1080\" src=\"https:\/\/offhedda.no\/wp-content\/uploads\/2025\/04\/dodsvitner-copy.png\" class=\"attachment-post-thumbnail size-post-thumbnail wp-post-image\" alt=\"D\u00f8dsvitner\" style=\"height:318px;object-fit:cover;\" srcset=\"https:\/\/offhedda.no\/wp-content\/uploads\/2025\/04\/dodsvitner-copy.png 1080w, https:\/\/offhedda.no\/wp-content\/uploads\/2025\/04\/dodsvitner-copy-300x300.png 300w, https:\/\/offhedda.no\/wp-content\/uploads\/2025\/04\/dodsvitner-copy-1024x1024.png 1024w, https:\/\/offhedda.no\/wp-content\/uploads\/2025\/04\/dodsvitner-copy-150x150.png 150w, https:\/\/offhedda.no\/wp-content\/uploads\/2025\/04\/dodsvitner-copy-768x768.png 768w\" sizes=\"auto, (max-width: 1080px) 100vw, 1080px\" \/><\/a><\/figure>\n\n<h2 class=\"wp-block-post-title has-x-large-font-size\"><a href=\"https:\/\/offhedda.no\/index.php\/2025\/06\/02\/dodsvitner\/\" target=\"_self\" >D\u00f8dsvitner<\/a><\/h2>\n\n<div class=\"wp-block-post-excerpt\"><p class=\"wp-block-post-excerpt__excerpt\">Tanker om d\u00f8den og etterlivet Fem mennesker, fra fem forskjellige steder og situasjoner, med ulike erfaringer. De kunne v\u00e6rt hvem som helst av oss. De har \u00e9n ting til felles: et \u00f8nske om \u00e5 vite hva som skjer etter d\u00f8den. \u00c5 revaluere livet. \u00c5 erstatte frykt med forst\u00e5else, trygghet og lettelse. Noen har mer tid&hellip; <\/p><\/div>\n\n<div class=\"wp-block-post-date has-small-font-size\"><time datetime=\"2025-06-02T09:50:00+02:00\"><a href=\"https:\/\/offhedda.no\/index.php\/2025\/06\/02\/dodsvitner\/\">juni 2, 2025<\/a><\/time><\/div>\n<\/li><li class=\"wp-block-post post-559 post type-post status-publish format-standard has-post-thumbnail hentry category-program-2025\">\n<figure style=\"width:100%;height:318px;\" class=\"wp-block-post-featured-image\"><a href=\"https:\/\/offhedda.no\/index.php\/2025\/06\/02\/dupon-police-trainer\/\" target=\"_self\"  style=\"height:318px\"><img loading=\"lazy\" decoding=\"async\" width=\"1080\" height=\"1080\" src=\"https:\/\/offhedda.no\/wp-content\/uploads\/2025\/04\/dupontpolicetrainer-copy.png\" class=\"attachment-post-thumbnail size-post-thumbnail wp-post-image\" alt=\"Dupon Police Trainer\" style=\"height:318px;object-fit:cover;\" srcset=\"https:\/\/offhedda.no\/wp-content\/uploads\/2025\/04\/dupontpolicetrainer-copy.png 1080w, https:\/\/offhedda.no\/wp-content\/uploads\/2025\/04\/dupontpolicetrainer-copy-300x300.png 300w, https:\/\/offhedda.no\/wp-content\/uploads\/2025\/04\/dupontpolicetrainer-copy-1024x1024.png 1024w, https:\/\/offhedda.no\/wp-content\/uploads\/2025\/04\/dupontpolicetrainer-copy-150x150.png 150w, https:\/\/offhedda.no\/wp-content\/uploads\/2025\/04\/dupontpolicetrainer-copy-768x768.png 768w\" sizes=\"auto, (max-width: 1080px) 100vw, 1080px\" \/><\/a><\/figure>\n\n<h2 class=\"wp-block-post-title has-x-large-font-size\"><a href=\"https:\/\/offhedda.no\/index.php\/2025\/06\/02\/dupon-police-trainer\/\" target=\"_self\" >Dupon Police Trainer<\/a><\/h2>\n\n<div class=\"wp-block-post-excerpt\"><p class=\"wp-block-post-excerpt__excerpt\">Dupon Police Trainer handler om politimannen Dupon. Han er en fransk klovn som trener opp politi, og hans oppdrag er \u00e5 beskytte, tjene og l\u00e6re deg en lekse. Forestillingen varer i omtrent&nbsp;50 minutter. Den er bygd opp som en forelesning og best\u00e5r av ulike leksjoner (totalt 6) ispedd noen f\u00e5 ekstra scener, som presentasjonen av&hellip; <\/p><\/div>\n\n<div class=\"wp-block-post-date has-small-font-size\"><time datetime=\"2025-06-02T09:38:00+02:00\"><a href=\"https:\/\/offhedda.no\/index.php\/2025\/06\/02\/dupon-police-trainer\/\">juni 2, 2025<\/a><\/time><\/div>\n<\/li><li class=\"wp-block-post post-556 post type-post status-publish format-standard has-post-thumbnail hentry category-program-2025\">\n<figure style=\"width:100%;height:318px;\" class=\"wp-block-post-featured-image\"><a href=\"https:\/\/offhedda.no\/index.php\/2025\/06\/02\/hedda-gambler\/\" target=\"_self\"  style=\"height:318px\"><img loading=\"lazy\" decoding=\"async\" width=\"1080\" height=\"1080\" src=\"https:\/\/offhedda.no\/wp-content\/uploads\/2025\/04\/heddagambler-copy.png\" class=\"attachment-post-thumbnail size-post-thumbnail wp-post-image\" alt=\"Hedda Gambler\" style=\"height:318px;object-fit:cover;\" srcset=\"https:\/\/offhedda.no\/wp-content\/uploads\/2025\/04\/heddagambler-copy.png 1080w, https:\/\/offhedda.no\/wp-content\/uploads\/2025\/04\/heddagambler-copy-300x300.png 300w, https:\/\/offhedda.no\/wp-content\/uploads\/2025\/04\/heddagambler-copy-1024x1024.png 1024w, https:\/\/offhedda.no\/wp-content\/uploads\/2025\/04\/heddagambler-copy-150x150.png 150w, https:\/\/offhedda.no\/wp-content\/uploads\/2025\/04\/heddagambler-copy-768x768.png 768w\" sizes=\"auto, (max-width: 1080px) 100vw, 1080px\" \/><\/a><\/figure>\n\n<h2 class=\"wp-block-post-title has-x-large-font-size\"><a href=\"https:\/\/offhedda.no\/index.php\/2025\/06\/02\/hedda-gambler\/\" target=\"_self\" >Hedda Gambler<\/a><\/h2>\n\n<div class=\"wp-block-post-excerpt\"><p class=\"wp-block-post-excerpt__excerpt\">Hedda Gambler er en humorforestilling til \u00e6re for Hedda Gabler. 5 unge kvinner har lest, skrevet, tullet, t\u00f8yset, vasket, t\u00f8rket og vridd hodene sine for \u00e5 forst\u00e5 seg p\u00e5 denne mye omtalte kvinnen. Hedda Gambler er et spill p\u00e5 Hedda Gabler. Er handlingen egentlig satt i stein? M\u00e5 det v\u00e6re s\u00e5 j\u00e6vlig trad og trist?&hellip; <\/p><\/div>\n\n<div class=\"wp-block-post-date has-small-font-size\"><time datetime=\"2025-06-02T09:45:00+02:00\"><a href=\"https:\/\/offhedda.no\/index.php\/2025\/06\/02\/hedda-gambler\/\">juni 2, 2025<\/a><\/time><\/div>\n<\/li><li class=\"wp-block-post post-606 post type-post status-publish format-standard has-post-thumbnail hentry category-program-2025\">\n<figure style=\"width:100%;height:318px;\" class=\"wp-block-post-featured-image\"><a href=\"https:\/\/offhedda.no\/index.php\/2025\/06\/02\/herreguiden\/\" target=\"_self\"  style=\"height:318px\"><img loading=\"lazy\" decoding=\"async\" width=\"1080\" height=\"1080\" src=\"https:\/\/offhedda.no\/wp-content\/uploads\/2025\/04\/Herreguiden-copy.png\" class=\"attachment-post-thumbnail size-post-thumbnail wp-post-image\" alt=\"Herreguiden\" style=\"height:318px;object-fit:cover;\" srcset=\"https:\/\/offhedda.no\/wp-content\/uploads\/2025\/04\/Herreguiden-copy.png 1080w, https:\/\/offhedda.no\/wp-content\/uploads\/2025\/04\/Herreguiden-copy-300x300.png 300w, https:\/\/offhedda.no\/wp-content\/uploads\/2025\/04\/Herreguiden-copy-1024x1024.png 1024w, https:\/\/offhedda.no\/wp-content\/uploads\/2025\/04\/Herreguiden-copy-150x150.png 150w, https:\/\/offhedda.no\/wp-content\/uploads\/2025\/04\/Herreguiden-copy-768x768.png 768w\" sizes=\"auto, (max-width: 1080px) 100vw, 1080px\" \/><\/a><\/figure>\n\n<h2 class=\"wp-block-post-title has-x-large-font-size\"><a href=\"https:\/\/offhedda.no\/index.php\/2025\/06\/02\/herreguiden\/\" target=\"_self\" >Herreguiden<\/a><\/h2>\n\n<div class=\"wp-block-post-excerpt\"><p class=\"wp-block-post-excerpt__excerpt\">Herreguiden er en monolog av og med Andreas Dillerud Olsen. Mye av sceneteksten er inspirert av nettforumet Kvinneguiden, med teorien om at uansett hva du s\u00f8ker p\u00e5 eller etter p\u00e5 internett s\u00e5 ender du til slutt opp p\u00e5 kvinneguiden-forum. I forestillingen m\u00f8ter du en i overkant selvsikker herremann &#8211; i det minste hva det ang\u00e5r&hellip; <\/p><\/div>\n\n<div class=\"wp-block-post-date has-small-font-size\"><time datetime=\"2025-06-02T09:34:06+02:00\"><a href=\"https:\/\/offhedda.no\/index.php\/2025\/06\/02\/herreguiden\/\">juni 2, 2025<\/a><\/time><\/div>\n<\/li><li class=\"wp-block-post post-609 post type-post status-publish format-standard has-post-thumbnail hentry category-program-2025\">\n<figure style=\"width:100%;height:318px;\" class=\"wp-block-post-featured-image\"><a href=\"https:\/\/offhedda.no\/index.php\/2025\/06\/02\/lavendeltake\/\" target=\"_self\"  style=\"height:318px\"><img loading=\"lazy\" decoding=\"async\" width=\"1080\" height=\"1080\" src=\"https:\/\/offhedda.no\/wp-content\/uploads\/2025\/04\/Lavendeltake-1080x1080-copy.png\" class=\"attachment-post-thumbnail size-post-thumbnail wp-post-image\" alt=\"Lavendelt\u00e5ke\" style=\"height:318px;object-fit:cover;\" srcset=\"https:\/\/offhedda.no\/wp-content\/uploads\/2025\/04\/Lavendeltake-1080x1080-copy.png 1080w, https:\/\/offhedda.no\/wp-content\/uploads\/2025\/04\/Lavendeltake-1080x1080-copy-300x300.png 300w, https:\/\/offhedda.no\/wp-content\/uploads\/2025\/04\/Lavendeltake-1080x1080-copy-1024x1024.png 1024w, https:\/\/offhedda.no\/wp-content\/uploads\/2025\/04\/Lavendeltake-1080x1080-copy-150x150.png 150w, https:\/\/offhedda.no\/wp-content\/uploads\/2025\/04\/Lavendeltake-1080x1080-copy-768x768.png 768w\" sizes=\"auto, (max-width: 1080px) 100vw, 1080px\" \/><\/a><\/figure>\n\n<h2 class=\"wp-block-post-title has-x-large-font-size\"><a href=\"https:\/\/offhedda.no\/index.php\/2025\/06\/02\/lavendeltake\/\" target=\"_self\" >Lavendelt\u00e5ke<\/a><\/h2>\n\n<div class=\"wp-block-post-excerpt\"><p class=\"wp-block-post-excerpt__excerpt\">I Lavendelt\u00e5ke f\u00f8lger vi Ida gjennom en sommerkveld hvor hun nok en gang sveiper mislykket p\u00e5 Tinder og blir forstyrret av ankomsten til det lille romvesenet. Gjennom denne sammenkomsten, blir Ida n\u00f8dt til \u00e5 m\u00f8te seg selv i d\u00f8ren, og sammen finner de (med litt tvang fra det lille romvesenet) kanskje l\u00f8sningen til Idas mislykket&hellip; <\/p><\/div>\n\n<div class=\"wp-block-post-date has-small-font-size\"><time datetime=\"2025-06-02T09:35:45+02:00\"><a href=\"https:\/\/offhedda.no\/index.php\/2025\/06\/02\/lavendeltake\/\">juni 2, 2025<\/a><\/time><\/div>\n<\/li><li class=\"wp-block-post post-612 post type-post status-publish format-standard has-post-thumbnail hentry category-program-2025\">\n<figure style=\"width:100%;height:318px;\" class=\"wp-block-post-featured-image\"><a href=\"https:\/\/offhedda.no\/index.php\/2025\/06\/02\/platons-drikkegilde\/\" target=\"_self\"  style=\"height:318px\"><img loading=\"lazy\" decoding=\"async\" width=\"1080\" height=\"1080\" src=\"https:\/\/offhedda.no\/wp-content\/uploads\/2025\/04\/platon-copy.png\" class=\"attachment-post-thumbnail size-post-thumbnail wp-post-image\" alt=\"Platons drikkegilde\" style=\"height:318px;object-fit:cover;\" srcset=\"https:\/\/offhedda.no\/wp-content\/uploads\/2025\/04\/platon-copy.png 1080w, https:\/\/offhedda.no\/wp-content\/uploads\/2025\/04\/platon-copy-300x300.png 300w, https:\/\/offhedda.no\/wp-content\/uploads\/2025\/04\/platon-copy-1024x1024.png 1024w, https:\/\/offhedda.no\/wp-content\/uploads\/2025\/04\/platon-copy-150x150.png 150w, https:\/\/offhedda.no\/wp-content\/uploads\/2025\/04\/platon-copy-768x768.png 768w\" sizes=\"auto, (max-width: 1080px) 100vw, 1080px\" \/><\/a><\/figure>\n\n<h2 class=\"wp-block-post-title has-x-large-font-size\"><a href=\"https:\/\/offhedda.no\/index.php\/2025\/06\/02\/platons-drikkegilde\/\" target=\"_self\" >Platons drikkegilde<\/a><\/h2>\n\n<div class=\"wp-block-post-excerpt\"><p class=\"wp-block-post-excerpt__excerpt\">Platons drikkegilde&nbsp;Samtaler om kj\u00e6rlighet&nbsp; Du vet den festen alle snakker om?&nbsp; \u00abPlatons Symposion\u00bb,\u202feller \u00abDrikkegildet i Athen\u00bb, er et av Platons mest kjente verk. Han beskriver en sagnomsust fest der gjestene holdt taler om kj\u00e6rlighet. Spesielt talen til Sokrates har f\u00e5tt mye oppmerksomhet i ettertid. Sokrates forteller om den kloke Diotima, kvinnen som l\u00e6rte ham \u00e5&hellip; <\/p><\/div>\n\n<div class=\"wp-block-post-date has-small-font-size\"><time datetime=\"2025-06-02T09:55:44+02:00\"><a href=\"https:\/\/offhedda.no\/index.php\/2025\/06\/02\/platons-drikkegilde\/\">juni 2, 2025<\/a><\/time><\/div>\n<\/li><li class=\"wp-block-post post-569 post type-post status-publish format-standard has-post-thumbnail hentry category-program-2025\">\n<figure style=\"width:100%;height:318px;\" class=\"wp-block-post-featured-image\"><a href=\"https:\/\/offhedda.no\/index.php\/2025\/06\/02\/romeo-og-julie\/\" target=\"_self\"  style=\"height:318px\"><img loading=\"lazy\" decoding=\"async\" width=\"1080\" height=\"1080\" src=\"https:\/\/offhedda.no\/wp-content\/uploads\/2025\/04\/RomeoJulie-copy.png\" class=\"attachment-post-thumbnail size-post-thumbnail wp-post-image\" alt=\"Romeo og Julie\" style=\"height:318px;object-fit:cover;\" srcset=\"https:\/\/offhedda.no\/wp-content\/uploads\/2025\/04\/RomeoJulie-copy.png 1080w, https:\/\/offhedda.no\/wp-content\/uploads\/2025\/04\/RomeoJulie-copy-300x300.png 300w, https:\/\/offhedda.no\/wp-content\/uploads\/2025\/04\/RomeoJulie-copy-1024x1024.png 1024w, https:\/\/offhedda.no\/wp-content\/uploads\/2025\/04\/RomeoJulie-copy-150x150.png 150w, https:\/\/offhedda.no\/wp-content\/uploads\/2025\/04\/RomeoJulie-copy-768x768.png 768w\" sizes=\"auto, (max-width: 1080px) 100vw, 1080px\" \/><\/a><\/figure>\n\n<h2 class=\"wp-block-post-title has-x-large-font-size\"><a href=\"https:\/\/offhedda.no\/index.php\/2025\/06\/02\/romeo-og-julie\/\" target=\"_self\" >Romeo og Julie<\/a><\/h2>\n\n<div class=\"wp-block-post-excerpt\"><p class=\"wp-block-post-excerpt__excerpt\">Romeo og Julie er historiens mest kjente teaterstykke og den sterkeste kj\u00e6rlighetshistorien vi kjenner. Stykket problematiserer hvor dumt og un\u00f8dvendig krig er, n\u00e5r kj\u00e6rlighet, forst\u00e5else og vennskap faktisk alltid er en mulighet.&nbsp; K:13s oppsetning av historien er skapt med tanke p\u00e5 unge, men engasjerer like fult publikum i alle aldre. Vi vil vise Shakespeares poetikk&hellip; <\/p><\/div>\n\n<div class=\"wp-block-post-date has-small-font-size\"><time datetime=\"2025-06-02T09:36:00+02:00\"><a href=\"https:\/\/offhedda.no\/index.php\/2025\/06\/02\/romeo-og-julie\/\">juni 2, 2025<\/a><\/time><\/div>\n<\/li><li class=\"wp-block-post post-562 post type-post status-publish format-standard has-post-thumbnail hentry category-program-2025\">\n<figure style=\"width:100%;height:318px;\" class=\"wp-block-post-featured-image\"><a href=\"https:\/\/offhedda.no\/index.php\/2025\/06\/02\/skrubbsar\/\" target=\"_self\"  style=\"height:318px\"><img loading=\"lazy\" decoding=\"async\" width=\"1080\" height=\"1080\" src=\"https:\/\/offhedda.no\/wp-content\/uploads\/2025\/04\/Skrubbsar-copy.png\" class=\"attachment-post-thumbnail size-post-thumbnail wp-post-image\" alt=\"Skrubbs\u00e5r\" style=\"height:318px;object-fit:cover;\" srcset=\"https:\/\/offhedda.no\/wp-content\/uploads\/2025\/04\/Skrubbsar-copy.png 1080w, https:\/\/offhedda.no\/wp-content\/uploads\/2025\/04\/Skrubbsar-copy-300x300.png 300w, https:\/\/offhedda.no\/wp-content\/uploads\/2025\/04\/Skrubbsar-copy-1024x1024.png 1024w, https:\/\/offhedda.no\/wp-content\/uploads\/2025\/04\/Skrubbsar-copy-150x150.png 150w, https:\/\/offhedda.no\/wp-content\/uploads\/2025\/04\/Skrubbsar-copy-768x768.png 768w\" sizes=\"auto, (max-width: 1080px) 100vw, 1080px\" \/><\/a><\/figure>\n\n<h2 class=\"wp-block-post-title has-x-large-font-size\"><a href=\"https:\/\/offhedda.no\/index.php\/2025\/06\/02\/skrubbsar\/\" target=\"_self\" >Skrubbs\u00e5r<\/a><\/h2>\n\n<div class=\"wp-block-post-excerpt\"><p class=\"wp-block-post-excerpt__excerpt\">&laquo;Skrubbs\u00e5r&raquo; er en perspektivskiftende forestilling med det viktige budskapet om verdien av \u00e5 kommunisere med de rundt seg n\u00e5r man har det tungt. I denne forestillingen m\u00f8ter vi tre kompiser som har hver sin historie og hver sine utfordringer. De tre karakterene representerer henholdsvis temaene&nbsp;&#8216;l\u00e6revansker&#8217;,&nbsp;&#8216;skilte foreldre&#8217;, og&nbsp;&#8216;\u00f8konomiske vanskeligheter i familien&#8217;.&nbsp; I l\u00f8pet av forestillingen ser&hellip; <\/p><\/div>\n\n<div class=\"wp-block-post-date has-small-font-size\"><time datetime=\"2025-06-02T09:40:00+02:00\"><a href=\"https:\/\/offhedda.no\/index.php\/2025\/06\/02\/skrubbsar\/\">juni 2, 2025<\/a><\/time><\/div>\n<\/li><li class=\"wp-block-post post-617 post type-post status-publish format-standard has-post-thumbnail hentry category-program-2025\">\n<figure style=\"width:100%;height:318px;\" class=\"wp-block-post-featured-image\"><a href=\"https:\/\/offhedda.no\/index.php\/2025\/06\/02\/vaersagod-off-hedda\/\" target=\"_self\"  style=\"height:318px\"><img loading=\"lazy\" decoding=\"async\" width=\"1080\" height=\"1350\" src=\"https:\/\/offhedda.no\/wp-content\/uploads\/2025\/04\/10.JUNI-45-2.png\" class=\"attachment-post-thumbnail size-post-thumbnail wp-post-image\" alt=\"V\u00e6rs\u00e5god + Off-Hedda\" style=\"height:318px;object-fit:cover;\" srcset=\"https:\/\/offhedda.no\/wp-content\/uploads\/2025\/04\/10.JUNI-45-2.png 1080w, https:\/\/offhedda.no\/wp-content\/uploads\/2025\/04\/10.JUNI-45-2-240x300.png 240w, https:\/\/offhedda.no\/wp-content\/uploads\/2025\/04\/10.JUNI-45-2-819x1024.png 819w, https:\/\/offhedda.no\/wp-content\/uploads\/2025\/04\/10.JUNI-45-2-768x960.png 768w\" sizes=\"auto, (max-width: 1080px) 100vw, 1080px\" \/><\/a><\/figure>\n\n<h2 class=\"wp-block-post-title has-x-large-font-size\"><a href=\"https:\/\/offhedda.no\/index.php\/2025\/06\/02\/vaersagod-off-hedda\/\" target=\"_self\" >V\u00e6rs\u00e5god + Off-Hedda<\/a><\/h2>\n\n<div class=\"wp-block-post-excerpt\"><p class=\"wp-block-post-excerpt__excerpt\">Velkommen til sesongens siste V\u00e6rs\u00e5god! Vi er stolte over \u00e5 kunne arrangere denne runden i samarbeid med Off-Hedda!&nbsp; Her kan du som skuespiller fremf\u00f8re selvvalgt materiale i valgfri sjanger foran et publikum. Er det noe du \u00f8nsker \u00e5 teste ut? \u00d8nsker du \u00e5 vise en teaser av et lengre stykke som kommer i fremtiden? \u00d8nsker&hellip; <\/p><\/div>\n\n<div class=\"wp-block-post-date has-small-font-size\"><time datetime=\"2025-06-02T10:00:17+02:00\"><a href=\"https:\/\/offhedda.no\/index.php\/2025\/06\/02\/vaersagod-off-hedda\/\">juni 2, 2025<\/a><\/time><\/div>\n<\/li><\/ul>\n\n\n<hr class=\"wp-block-separator has-css-opacity alignwide is-style-wide\"\/>\n\n\n<\/div>\n","protected":false},"excerpt":{"rendered":"<p>Tirsdag 10. juni p\u00e5 Nordic Black Theater &amp; Cafeteateret 18.30 V\u00e6rs\u00e5god + Off-Hedda 20.30 Platons drikkegilde &#8211; samtaler om kj\u00e6rlighet Torsdag 12. juni p\u00e5 Ibsen museum &amp; teater 17.00 D\u00f8dsvitner &#8211; tanker om d\u00f8den og etterlivet 19.30 Hedda Gambler Fredag 13. juni p\u00e5 Ibsen museum &amp; teater 16.00 Skrubbs\u00e5r 19.00 Bibby&#8217;s Bonanza of the Bizarre [&hellip;]<\/p>\n","protected":false},"author":1,"featured_media":0,"parent":0,"menu_order":0,"comment_status":"closed","ping_status":"closed","template":"","meta":{"footnotes":""},"class_list":["post-586","page","type-page","status-publish","hentry"],"_links":{"self":[{"href":"https:\/\/offhedda.no\/index.php\/wp-json\/wp\/v2\/pages\/586","targetHints":{"allow":["GET"]}}],"collection":[{"href":"https:\/\/offhedda.no\/index.php\/wp-json\/wp\/v2\/pages"}],"about":[{"href":"https:\/\/offhedda.no\/index.php\/wp-json\/wp\/v2\/types\/page"}],"author":[{"embeddable":true,"href":"https:\/\/offhedda.no\/index.php\/wp-json\/wp\/v2\/users\/1"}],"replies":[{"embeddable":true,"href":"https:\/\/offhedda.no\/index.php\/wp-json\/wp\/v2\/comments?post=586"}],"version-history":[{"count":4,"href":"https:\/\/offhedda.no\/index.php\/wp-json\/wp\/v2\/pages\/586\/revisions"}],"predecessor-version":[{"id":643,"href":"https:\/\/offhedda.no\/index.php\/wp-json\/wp\/v2\/pages\/586\/revisions\/643"}],"wp:attachment":[{"href":"https:\/\/offhedda.no\/index.php\/wp-json\/wp\/v2\/media?parent=586"}],"curies":[{"name":"wp","href":"https:\/\/api.w.org\/{rel}","templated":true}]}}